{"id":652,"date":"2025-07-02T12:55:02","date_gmt":"2025-07-02T12:55:02","guid":{"rendered":"https:\/\/nongkhai.hu\/?page_id=652"},"modified":"2026-01-12T09:50:46","modified_gmt":"2026-01-12T09:50:46","slug":"ajandekutalvany","status":"publish","type":"page","link":"https:\/\/nongkhai.hu\/en\/ajandekutalvany\/","title":{"rendered":"Gift voucher"},"content":{"rendered":"<div data-elementor-type=\"wp-page\" data-elementor-id=\"652\" class=\"elementor elementor-652\" data-elementor-post-type=\"page\">\n\t\t\t\t<div class=\"elementor-element elementor-element-15b6a06 e-flex e-con-boxed e-con e-parent\" data-id=\"15b6a06\" data-element_type=\"container\">\n\t\t\t\t\t<div class=\"e-con-inner\">\n\t\t<div class=\"elementor-element elementor-element-0e0dc94 e-con-full e-flex e-con e-child\" data-id=\"0e0dc94\" data-element_type=\"container\">\n\t\t\t\t<div class=\"elementor-element elementor-element-c2cd41d elementor-widget elementor-widget-image\" data-id=\"c2cd41d\" data-element_type=\"widget\" data-widget_type=\"image.default\">\n\t\t\t\t<div class=\"elementor-widget-container\">\n\t\t\t\t\t\t\t\t\t\t\t\t\t\t\t<img fetchpriority=\"high\" decoding=\"async\" width=\"800\" height=\"567\" src=\"https:\/\/nongkhai.hu\/wp-content\/uploads\/2026\/01\/IMG_1662-1024x726.jpg\" class=\"attachment-large size-large wp-image-908\" alt=\"\" srcset=\"https:\/\/nongkhai.hu\/wp-content\/uploads\/2026\/01\/IMG_1662-1024x726.jpg 1024w, https:\/\/nongkhai.hu\/wp-content\/uploads\/2026\/01\/IMG_1662-300x213.jpg 300w, https:\/\/nongkhai.hu\/wp-content\/uploads\/2026\/01\/IMG_1662-768x545.jpg 768w, https:\/\/nongkhai.hu\/wp-content\/uploads\/2026\/01\/IMG_1662-1536x1090.jpg 1536w, https:\/\/nongkhai.hu\/wp-content\/uploads\/2026\/01\/IMG_1662-18x12.jpg 18w, https:\/\/nongkhai.hu\/wp-content\/uploads\/2026\/01\/IMG_1662.jpg 1748w\" sizes=\"(max-width: 800px) 100vw, 800px\" \/>\t\t\t\t\t\t\t\t\t\t\t\t\t\t\t<\/div>\n\t\t\t\t<\/div>\n\t\t\t\t<\/div>\n\t\t<div class=\"elementor-element elementor-element-1620021 e-con-full e-flex e-con e-child\" data-id=\"1620021\" data-element_type=\"container\">\n\t\t\t\t<div class=\"elementor-element elementor-element-b03102b elementor-widget elementor-widget-text-editor\" data-id=\"b03102b\" data-element_type=\"widget\" data-widget_type=\"text-editor.default\">\n\t\t\t\t<div class=\"elementor-widget-container\">\n\t\t\t\t\t\t\t\t\t<p>A great gift that can be a refreshing treat for all ages, to pamper, relax and recharge yourself and your loved ones. Give the gift of relaxation to your loved ones, providing them with a real opportunity to recharge and unwind.<\/p><p>With our gift voucher, the recipient simply has access to the ultimate recharge and relaxation experience at a pre-arranged time. Treat your loved ones to a truly liberating and special Thai Massage experience.<\/p>\t\t\t\t\t\t\t\t<\/div>\n\t\t\t\t<\/div>\n\t\t\t\t<div class=\"elementor-element elementor-element-ffa5702 elementor-icon-list--layout-inline elementor-list-item-link-full_width elementor-widget elementor-widget-icon-list\" data-id=\"ffa5702\" data-element_type=\"widget\" data-widget_type=\"icon-list.default\">\n\t\t\t\t<div class=\"elementor-widget-container\">\n\t\t\t\t\t\t\t<ul class=\"elementor-icon-list-items elementor-inline-items\">\n\t\t\t\t\t\t\t<li class=\"elementor-icon-list-item elementor-inline-item\">\n\t\t\t\t\t\t\t\t\t\t\t<span class=\"elementor-icon-list-icon\">\n\t\t\t\t\t\t\t<svg aria-hidden=\"true\" class=\"e-font-icon-svg e-fas-check-circle\" viewbox=\"0 0 512 512\" xmlns=\"http:\/\/www.w3.org\/2000\/svg\"><path d=\"M504 256c0 136.967-111.033 248-248 248S8 392.967 8 256 119.033 8 256 8s248 111.033 248 248zM227.314 387.314l184-184c6.248-6.248 6.248-16.379 0-22.627l-22.627-22.627c-6.248-6.249-16.379-6.249-22.628 0L216 308.118l-70.059-70.059c-6.248-6.248-16.379-6.248-22.628 0l-22.627 22.627c-6.248 6.248-6.248 16.379 0 22.627l104 104c6.249 6.249 16.379 6.249 22.628.001z\"><\/path><\/svg>\t\t\t\t\t\t<\/span>\n\t\t\t\t\t\t\t\t\t\t<span class=\"elementor-icon-list-text\">Can be used for 1 year<\/span>\n\t\t\t\t\t\t\t\t\t<\/li>\n\t\t\t\t\t\t\t\t<li class=\"elementor-icon-list-item elementor-inline-item\">\n\t\t\t\t\t\t\t\t\t\t\t<span class=\"elementor-icon-list-icon\">\n\t\t\t\t\t\t\t<svg aria-hidden=\"true\" class=\"e-font-icon-svg e-fas-check-circle\" viewbox=\"0 0 512 512\" xmlns=\"http:\/\/www.w3.org\/2000\/svg\"><path d=\"M504 256c0 136.967-111.033 248-248 248S8 392.967 8 256 119.033 8 256 8s248 111.033 248 248zM227.314 387.314l184-184c6.248-6.248 6.248-16.379 0-22.627l-22.627-22.627c-6.248-6.249-16.379-6.249-22.628 0L216 308.118l-70.059-70.059c-6.248-6.248-16.379-6.248-22.628 0l-22.627 22.627c-6.248 6.248-6.248 16.379 0 22.627l104 104c6.249 6.249 16.379 6.249 22.628.001z\"><\/path><\/svg>\t\t\t\t\t\t<\/span>\n\t\t\t\t\t\t\t\t\t\t<span class=\"elementor-icon-list-text\">Mother of pearl metal envelopes<\/span>\n\t\t\t\t\t\t\t\t\t<\/li>\n\t\t\t\t\t\t\t\t<li class=\"elementor-icon-list-item elementor-inline-item\">\n\t\t\t\t\t\t\t\t\t\t\t<span class=\"elementor-icon-list-icon\">\n\t\t\t\t\t\t\t<svg aria-hidden=\"true\" class=\"e-font-icon-svg e-fas-check-circle\" viewbox=\"0 0 512 512\" xmlns=\"http:\/\/www.w3.org\/2000\/svg\"><path d=\"M504 256c0 136.967-111.033 248-248 248S8 392.967 8 256 119.033 8 256 8s248 111.033 248 248zM227.314 387.314l184-184c6.248-6.248 6.248-16.379 0-22.627l-22.627-22.627c-6.248-6.249-16.379-6.249-22.628 0L216 308.118l-70.059-70.059c-6.248-6.248-16.379-6.248-22.628 0l-22.627 22.627c-6.248 6.248-6.248 16.379 0 22.627l104 104c6.249 6.249 16.379 6.249 22.628.001z\"><\/path><\/svg>\t\t\t\t\t\t<\/span>\n\t\t\t\t\t\t\t\t\t\t<span class=\"elementor-icon-list-text\">For any massage<\/span>\n\t\t\t\t\t\t\t\t\t<\/li>\n\t\t\t\t\t\t<\/ul>\n\t\t\t\t\t\t<\/div>\n\t\t\t\t<\/div>\n\t\t\t\t<div class=\"elementor-element elementor-element-145e995 elementor-hidden-desktop elementor-hidden-tablet elementor-widget elementor-widget-image\" data-id=\"145e995\" data-element_type=\"widget\" data-widget_type=\"image.default\">\n\t\t\t\t<div class=\"elementor-widget-container\">\n\t\t\t\t\t\t\t\t\t\t\t\t\t\t\t<img decoding=\"async\" width=\"800\" height=\"640\" src=\"https:\/\/nongkhai.hu\/wp-content\/uploads\/2026\/01\/IMG_1664-1024x819.png\" class=\"attachment-large size-large wp-image-909\" alt=\"\" srcset=\"https:\/\/nongkhai.hu\/wp-content\/uploads\/2026\/01\/IMG_1664-1024x819.png 1024w, https:\/\/nongkhai.hu\/wp-content\/uploads\/2026\/01\/IMG_1664-300x240.png 300w, https:\/\/nongkhai.hu\/wp-content\/uploads\/2026\/01\/IMG_1664-768x614.png 768w, https:\/\/nongkhai.hu\/wp-content\/uploads\/2026\/01\/IMG_1664-1536x1229.png 1536w, https:\/\/nongkhai.hu\/wp-content\/uploads\/2026\/01\/IMG_1664-15x12.png 15w, https:\/\/nongkhai.hu\/wp-content\/uploads\/2026\/01\/IMG_1664.png 2000w\" sizes=\"(max-width: 800px) 100vw, 800px\" \/>\t\t\t\t\t\t\t\t\t\t\t\t\t\t\t<\/div>\n\t\t\t\t<\/div>\n\t\t\t\t<\/div>\n\t\t\t\t\t<\/div>\n\t\t\t\t<\/div>\n\t\t\t\t<\/div>","protected":false},"excerpt":{"rendered":"<p>Egy kiv\u00e1l\u00f3 aj\u00e1nd\u00e9k, amely b\u00e1rmely koroszt\u00e1ly sz\u00e1m\u00e1ra fel\u00fcd\u00fcl\u00e9st ny\u00fajthat, az \u00f6nmagunk \u00e9s szeretteink k\u00e9nyeztet\u00e9se, pihentet\u00e9se \u00e9s felt\u00f6lt\u00e9se. Aj\u00e1nd\u00e9kozz kikapcsol\u00f3d\u00e1st szeretteidnek, biztos\u00edts sz\u00e1mukra val\u00f3di felt\u00f6lt\u0151d\u00e9st \u00e9s laz\u00edt\u00e1si lehet\u0151s\u00e9get. Aj\u00e1nd\u00e9kutalv\u00e1nyunk r\u00e9v\u00e9n a megaj\u00e1nd\u00e9kozott egyszer\u0171en hozz\u00e1f\u00e9rhet egy el\u0151zetesen egyeztetett id\u0151pontban t\u00f6rt\u00e9n\u0151 t\u00f6k\u00e9letes felt\u00f6lt\u0151d\u00e9s \u00e9s pihen\u00e9s \u00e9lm\u00e9ny\u00e9hez. Szerezz \u00f6r\u00f6met hozz\u00e1tartoz\u00f3idnak egy igaz\u00e1n felszabad\u00edt\u00f3 \u00e9s k\u00fcl\u00f6nleges Thai Massz\u00e1zs \u00e9lm\u00e9nnyel. 1 [&hellip;]<\/p>","protected":false},"author":1,"featured_media":0,"parent":0,"menu_order":0,"comment_status":"closed","ping_status":"closed","template":"","meta":{"footnotes":""},"class_list":["post-652","page","type-page","status-publish","hentry"],"_links":{"self":[{"href":"https:\/\/nongkhai.hu\/en\/wp-json\/wp\/v2\/pages\/652","targetHints":{"allow":["GET"]}}],"collection":[{"href":"https:\/\/nongkhai.hu\/en\/wp-json\/wp\/v2\/pages"}],"about":[{"href":"https:\/\/nongkhai.hu\/en\/wp-json\/wp\/v2\/types\/page"}],"author":[{"embeddable":true,"href":"https:\/\/nongkhai.hu\/en\/wp-json\/wp\/v2\/users\/1"}],"replies":[{"embeddable":true,"href":"https:\/\/nongkhai.hu\/en\/wp-json\/wp\/v2\/comments?post=652"}],"version-history":[{"count":25,"href":"https:\/\/nongkhai.hu\/en\/wp-json\/wp\/v2\/pages\/652\/revisions"}],"predecessor-version":[{"id":912,"href":"https:\/\/nongkhai.hu\/en\/wp-json\/wp\/v2\/pages\/652\/revisions\/912"}],"wp:attachment":[{"href":"https:\/\/nongkhai.hu\/en\/wp-json\/wp\/v2\/media?parent=652"}],"curies":[{"name":"wp","href":"https:\/\/api.w.org\/{rel}","templated":true}]}}