{"id":188,"date":"2024-07-04T10:48:06","date_gmt":"2024-07-04T10:48:06","guid":{"rendered":"https:\/\/nongkhai.hu\/?page_id=188"},"modified":"2025-07-04T14:43:22","modified_gmt":"2025-07-04T14:43:22","slug":"rolunk","status":"publish","type":"page","link":"https:\/\/nongkhai.hu\/en\/rolunk\/","title":{"rendered":"About us"},"content":{"rendered":"<div data-elementor-type=\"wp-page\" data-elementor-id=\"188\" class=\"elementor elementor-188\" data-elementor-post-type=\"page\">\n\t\t\t\t<div class=\"elementor-element elementor-element-c48ff5e e-flex e-con-boxed e-con e-parent\" data-id=\"c48ff5e\" data-element_type=\"container\">\n\t\t\t\t\t<div class=\"e-con-inner\">\n\t\t<div class=\"elementor-element elementor-element-01af328 e-flex e-con-boxed e-con e-child\" data-id=\"01af328\" data-element_type=\"container\">\n\t\t\t\t\t<div class=\"e-con-inner\">\n\t\t\t\t<div class=\"elementor-element elementor-element-a9bb6cd elementor-widget elementor-widget-image\" data-id=\"a9bb6cd\" data-element_type=\"widget\" data-widget_type=\"image.default\">\n\t\t\t\t<div class=\"elementor-widget-container\">\n\t\t\t\t\t\t\t\t\t\t\t\t\t\t\t<img fetchpriority=\"high\" decoding=\"async\" width=\"1800\" height=\"2258\" src=\"https:\/\/nongkhai.hu\/wp-content\/uploads\/2025\/07\/IMG_9017.jpeg\" class=\"attachment-full size-full wp-image-658\" alt=\"\" srcset=\"https:\/\/nongkhai.hu\/wp-content\/uploads\/2025\/07\/IMG_9017.jpeg 1800w, https:\/\/nongkhai.hu\/wp-content\/uploads\/2025\/07\/IMG_9017-239x300.jpeg 239w, https:\/\/nongkhai.hu\/wp-content\/uploads\/2025\/07\/IMG_9017-816x1024.jpeg 816w, https:\/\/nongkhai.hu\/wp-content\/uploads\/2025\/07\/IMG_9017-768x963.jpeg 768w, https:\/\/nongkhai.hu\/wp-content\/uploads\/2025\/07\/IMG_9017-1224x1536.jpeg 1224w, https:\/\/nongkhai.hu\/wp-content\/uploads\/2025\/07\/IMG_9017-1633x2048.jpeg 1633w, https:\/\/nongkhai.hu\/wp-content\/uploads\/2025\/07\/IMG_9017-10x12.jpeg 10w\" sizes=\"(max-width: 1800px) 100vw, 1800px\" \/>\t\t\t\t\t\t\t\t\t\t\t\t\t\t\t<\/div>\n\t\t\t\t<\/div>\n\t\t\t\t\t<\/div>\n\t\t\t\t<\/div>\n\t\t<div class=\"elementor-element elementor-element-488825c animated-slow e-flex e-con-boxed elementor-invisible e-con e-child\" data-id=\"488825c\" data-element_type=\"container\" data-settings=\"{&quot;animation&quot;:&quot;fadeInUp&quot;}\">\n\t\t\t\t\t<div class=\"e-con-inner\">\n\t\t\t\t<div class=\"elementor-element elementor-element-4d6b7f5 elementor-widget elementor-widget-heading\" data-id=\"4d6b7f5\" data-element_type=\"widget\" data-widget_type=\"heading.default\">\n\t\t\t\t<div class=\"elementor-widget-container\">\n\t\t\t\t\t<h6 class=\"elementor-heading-title elementor-size-default\">About us<\/h6>\t\t\t\t<\/div>\n\t\t\t\t<\/div>\n\t\t\t\t<div class=\"elementor-element elementor-element-1ecc403 elementor-widget elementor-widget-elementskit-heading\" data-id=\"1ecc403\" data-element_type=\"widget\" data-widget_type=\"elementskit-heading.default\">\n\t\t\t\t<div class=\"elementor-widget-container\">\n\t\t\t\t\t<div class=\"ekit-wid-con\" ><div class=\"ekit-heading elementskit-section-title-wraper text_left   ekit_heading_tablet-text_center   ekit_heading_mobile-\"><h2 class=\"ekit-heading--title elementskit-section-title\">The tranquillity and <span>recreation<\/span><\/span> World of<\/h2><\/div><\/div>\t\t\t\t<\/div>\n\t\t\t\t<\/div>\n\t\t\t\t<div class=\"elementor-element elementor-element-14676e8 elementor-widget elementor-widget-text-editor\" data-id=\"14676e8\" data-element_type=\"widget\" data-widget_type=\"text-editor.default\">\n\t\t\t\t<div class=\"elementor-widget-container\">\n\t\t\t\t\t\t\t\t\t<p>At Nong Khai Thai Massage Salon, Thai masseurs with many years of experience await you for a stress-free, relaxing massage in a fresh, clean atmosphere for a complete relaxation.<\/p>\t\t\t\t\t\t\t\t<\/div>\n\t\t\t\t<\/div>\n\t\t\t\t\t<\/div>\n\t\t\t\t<\/div>\n\t\t\t\t\t<\/div>\n\t\t\t\t<\/div>\n\t\t\t\t<\/div>","protected":false},"excerpt":{"rendered":"<p>R\u00f3lunk A nyugalom \u00e9s kikapcsol\u00f3d\u00e1s vil\u00e1ga A Nong Khai Thai Massz\u00e1zs Szalonban sok \u00e9ves tapasztalattal rendelkez\u0151 Thai massz\u0151r\u00f6k v\u00e1rj\u00e1k \u00d6nt egy stresszmentes, pihentet\u0151 massz\u00e1zsra, friss, tiszta l\u00e9gk\u00f6rben, egy teljes kikapcsol\u00f3d\u00e1sra.<\/p>","protected":false},"author":1,"featured_media":0,"parent":0,"menu_order":0,"comment_status":"closed","ping_status":"closed","template":"elementor_header_footer","meta":{"footnotes":""},"class_list":["post-188","page","type-page","status-publish","hentry"],"_links":{"self":[{"href":"https:\/\/nongkhai.hu\/en\/wp-json\/wp\/v2\/pages\/188","targetHints":{"allow":["GET"]}}],"collection":[{"href":"https:\/\/nongkhai.hu\/en\/wp-json\/wp\/v2\/pages"}],"about":[{"href":"https:\/\/nongkhai.hu\/en\/wp-json\/wp\/v2\/types\/page"}],"author":[{"embeddable":true,"href":"https:\/\/nongkhai.hu\/en\/wp-json\/wp\/v2\/users\/1"}],"replies":[{"embeddable":true,"href":"https:\/\/nongkhai.hu\/en\/wp-json\/wp\/v2\/comments?post=188"}],"version-history":[{"count":61,"href":"https:\/\/nongkhai.hu\/en\/wp-json\/wp\/v2\/pages\/188\/revisions"}],"predecessor-version":[{"id":888,"href":"https:\/\/nongkhai.hu\/en\/wp-json\/wp\/v2\/pages\/188\/revisions\/888"}],"wp:attachment":[{"href":"https:\/\/nongkhai.hu\/en\/wp-json\/wp\/v2\/media?parent=188"}],"curies":[{"name":"wp","href":"https:\/\/api.w.org\/{rel}","templated":true}]}}