{"id":176,"date":"2024-07-04T10:24:14","date_gmt":"2024-07-04T10:24:14","guid":{"rendered":"https:\/\/nongkhai.hu\/?page_id=176"},"modified":"2024-07-04T10:35:45","modified_gmt":"2024-07-04T10:35:45","slug":"impresszum","status":"publish","type":"page","link":"https:\/\/nongkhai.hu\/en\/impresszum\/","title":{"rendered":"masthead"},"content":{"rendered":"<div data-elementor-type=\"wp-page\" data-elementor-id=\"176\" class=\"elementor elementor-176\" data-elementor-post-type=\"page\">\n\t\t\t\t<div class=\"elementor-element elementor-element-23e7c95d e-flex e-con-boxed e-con e-parent\" data-id=\"23e7c95d\" data-element_type=\"container\">\n\t\t\t\t\t<div class=\"e-con-inner\">\n\t\t\t\t<div class=\"elementor-element elementor-element-7a214d21 elementor-widget elementor-widget-text-editor\" data-id=\"7a214d21\" data-element_type=\"widget\" data-widget_type=\"text-editor.default\">\n\t\t\t\t<div class=\"elementor-widget-container\">\n\t\t\t\t\t\t\t\t\t\n<p><strong>Name:<\/strong>\u00a0SZOKI VITAL Ltd.<br><strong>Seat:<\/strong>\u00a01088 Budapest, J\u00f3zsef k\u00f6r\u00fat 15. 1. floor. door 14.<br><strong>Postal address:<\/strong>\u00a01088 Budapest, J\u00f3zsef k\u00f6r\u00fat 15. 1. floor. door 14.<br><strong>Tax number:<\/strong>\u00a032528440-1-42<br><strong>Company registration number:<\/strong>\u00a0<strong>01 09 428922<\/strong><br><strong>E-mail:<\/strong>\u00a0<a>info@nongkhai.hu<\/a><br><strong>Website:<\/strong>\u00a0<a href=\"https:\/\/nongkhai.hu\/en\/\">www.nongkhai.hu<\/a><\/p>\n\n\n\n<p><strong>Data Controller:<\/strong><br>Name: SZOKI VITAL Kft.<br>Head office: 1088 Budapest, J\u00f3zsef k\u00f6r\u00fat 15. 1. floor. 1, 1088 k\u00f6r\u00fat, Budapest, 15.<br>E-mail:&nbsp;<a>info@nongkhai.hu<\/a><\/p>\n\n\n\n<p><strong>Responsibilities:<\/strong><br>SZOKI VITAL Kft. is the data controller responsible for the processing of the personal data you provide.<\/p>\n\n\n\n<p><strong>Data transmission:<\/strong><br>We may transfer the data to the extent necessary to persons and companies in the following areas:<\/p>\n\n\n\n<ul class=\"wp-block-list\">\n<li>Data processing<\/li>\n\n\n\n<li>Legal representation<\/li>\n\n\n\n<li>Dispute resolution bodies<\/li>\n\n\n\n<li>Delivery by hand<\/li>\n\n\n\n<li>Accounting<\/li>\n\n\n\n<li>Claims management<\/li>\n\n\n\n<li>Marketing<\/li>\n\n\n\n<li>Billing<\/li>\n<\/ul>\n\n\n\n<p><strong>Data processors:<\/strong><\/p>\n\n\n\n<ul class=\"wp-block-list\">\n<li>GLS General Logistics Systems Hungary Csomag-Logisztikai Kft.<\/li>\n\n\n\n<li>Magyar Posta Zrt.<\/li>\n<\/ul>\n\n\n\n<p><strong>Data processing companies:<\/strong><\/p>\n\n\n\n<ul class=\"wp-block-list\">\n<li>Google Inc.<\/li>\n\n\n\n<li>Facebook Ireland Ltd.<\/li>\n\n\n\n<li>Twitter International Company<\/li>\n<\/ul>\n\n\n\n<p><strong>Protection of minors:<\/strong><br>The content of this website is not specifically directed to children under the age of 13. We collect and process personal information from children under 13 only with parental or guardian consent.<\/p>\n\n\n\n<p><strong>Contact:<\/strong><br>For any questions, comments or complaints, please contact us at&nbsp;<a>info@nongkhai.hu<\/a>&nbsp;by e-mail or by post to the above address.<\/p>\n\t\t\t\t\t\t\t\t<\/div>\n\t\t\t\t<\/div>\n\t\t\t\t\t<\/div>\n\t\t\t\t<\/div>\n\t\t\t\t<\/div>","protected":false},"excerpt":{"rendered":"<p>Name: SZOKI VITAL Kft.Head office: 1088 Budapest, J\u00f3zsef k\u00f6r\u00fat 15. 1. floor. Postal address: 1088 Budapest, J\u00f3zsef k\u00f6r\u00fat 15. 1. floor. 14. ajt\u00f3Address number: 32528440-1-42Company registration number: 01 09 428922E-mail: info@nongkhai.huWeboldal: www.nongkhai.hu Data Controller:Name: SZOKI VITAL Kft.Registered office. 14. doorE-mail: info@nongkhai.hu Responsibilities:SZOKI VITAL Kft. is the data controller responsible for the processing of the personal data you provide. Data transfer:The data will be transferred to the extent necessary to [...]<\/p>","protected":false},"author":1,"featured_media":0,"parent":0,"menu_order":0,"comment_status":"closed","ping_status":"closed","template":"","meta":{"footnotes":""},"class_list":["post-176","page","type-page","status-publish","hentry"],"_links":{"self":[{"href":"https:\/\/nongkhai.hu\/en\/wp-json\/wp\/v2\/pages\/176","targetHints":{"allow":["GET"]}}],"collection":[{"href":"https:\/\/nongkhai.hu\/en\/wp-json\/wp\/v2\/pages"}],"about":[{"href":"https:\/\/nongkhai.hu\/en\/wp-json\/wp\/v2\/types\/page"}],"author":[{"embeddable":true,"href":"https:\/\/nongkhai.hu\/en\/wp-json\/wp\/v2\/users\/1"}],"replies":[{"embeddable":true,"href":"https:\/\/nongkhai.hu\/en\/wp-json\/wp\/v2\/comments?post=176"}],"version-history":[{"count":5,"href":"https:\/\/nongkhai.hu\/en\/wp-json\/wp\/v2\/pages\/176\/revisions"}],"predecessor-version":[{"id":187,"href":"https:\/\/nongkhai.hu\/en\/wp-json\/wp\/v2\/pages\/176\/revisions\/187"}],"wp:attachment":[{"href":"https:\/\/nongkhai.hu\/en\/wp-json\/wp\/v2\/media?parent=176"}],"curies":[{"name":"wp","href":"https:\/\/api.w.org\/{rel}","templated":true}]}}